{"id":1122,"date":"2025-11-04T23:36:40","date_gmt":"2025-11-05T02:36:40","guid":{"rendered":"https:\/\/www.cbioquimicod3.com.ar\/web\/?page_id=1122"},"modified":"2025-11-04T23:36:42","modified_gmt":"2025-11-05T02:36:42","slug":"convenios","status":"publish","type":"page","link":"https:\/\/www.cbioquimicod3.com.ar\/web\/convenios\/","title":{"rendered":"Convenios"},"content":{"rendered":"\n<p>A partir de la firma de algunos convenios con entidades locales, se gener\u00f3 la necesidad de crear en nuestro C\u00edrculo una estructura que efect\u00fae lo que denominamos Administraci\u00f3n de Convenios Este sector tiene como objetivos principales:<\/p>\n\n\n\n<ul class=\"wp-block-list\">\n<li>Participar conjuntamente con la Comisi\u00f3n Directiva y con el Sector de Auditoria en la elaboraci\u00f3n de las Normas de Atenci\u00f3n de los distintos convenios que fuesen firmados por el C\u00edrculo, ya sea en la modalidad de contrato por prestaci\u00f3n o capitado.<br><\/li>\n\n\n\n<li>Dar a conocer las Normas de Atenci\u00f3n a los Asociados prestadores.<br><\/li>\n\n\n\n<li>Implementar las formas de env\u00edo de las ordenes para su posterior facturaci\u00f3n.<br><\/li>\n\n\n\n<li>Realizar carga y posterior facturaci\u00f3n de todas las ordenes recibidas.<br><\/li>\n\n\n\n<li>Enviar a los Asociados prestadores el detalle de las liquidaciones presentadas.<br><\/li>\n\n\n\n<li>Enviar las Facturas a las distintas Entidades y gestionar el cobro de las mismas.<br><\/li>\n\n\n\n<li>Efectuar el seguimiento de los convenios: Estad\u00edsticas, auditorias, control de desv\u00edos, presupuestos de pr\u00e1cticas no convenidas, etc.<br><\/li>\n\n\n\n<li>Realizar los correspondientes pagos a los Asociados y enviar el detalle de los mismos.<br><\/li>\n\n\n\n<li>Realizar el informe de las retenciones administrativas, aportes impositivos, cr\u00e9ditos y d\u00e9bitos que deban aplicarse.<br><\/li>\n\n\n\n<li>Interactuar con las Asesor\u00edas Legal y Contable para garantizar la buena evoluci\u00f3n de los Convenios en estos dos aspectos.<br><\/li>\n\n\n\n<li>Como \u00faltimo punto, resolver problemas, aclarar dudas y recoger las inquietudes de los Asociados en lo que respecta al Sector.<\/li>\n<\/ul>\n","protected":false},"excerpt":{"rendered":"<p>A partir de la firma de algunos convenios con entidades locales, se gener\u00f3 la necesidad de crear en nuestro C\u00edrculo una estructura que efect\u00fae lo que denominamos Administraci\u00f3n de Convenios Este sector tiene como objetivos principales:<\/p>\n","protected":false},"author":1,"featured_media":0,"parent":0,"menu_order":0,"comment_status":"closed","ping_status":"closed","template":"","meta":{"inline_featured_image":false,"_joinchat":[],"footnotes":""},"class_list":["post-1122","page","type-page","status-publish","hentry"],"_links":{"self":[{"href":"https:\/\/www.cbioquimicod3.com.ar\/web\/wp-json\/wp\/v2\/pages\/1122","targetHints":{"allow":["GET"]}}],"collection":[{"href":"https:\/\/www.cbioquimicod3.com.ar\/web\/wp-json\/wp\/v2\/pages"}],"about":[{"href":"https:\/\/www.cbioquimicod3.com.ar\/web\/wp-json\/wp\/v2\/types\/page"}],"author":[{"embeddable":true,"href":"https:\/\/www.cbioquimicod3.com.ar\/web\/wp-json\/wp\/v2\/users\/1"}],"replies":[{"embeddable":true,"href":"https:\/\/www.cbioquimicod3.com.ar\/web\/wp-json\/wp\/v2\/comments?post=1122"}],"version-history":[{"count":1,"href":"https:\/\/www.cbioquimicod3.com.ar\/web\/wp-json\/wp\/v2\/pages\/1122\/revisions"}],"predecessor-version":[{"id":1123,"href":"https:\/\/www.cbioquimicod3.com.ar\/web\/wp-json\/wp\/v2\/pages\/1122\/revisions\/1123"}],"wp:attachment":[{"href":"https:\/\/www.cbioquimicod3.com.ar\/web\/wp-json\/wp\/v2\/media?parent=1122"}],"curies":[{"name":"wp","href":"https:\/\/api.w.org\/{rel}","templated":true}]}}