{"id":618,"date":"2025-09-14T18:38:45","date_gmt":"2025-09-14T21:38:45","guid":{"rendered":"https:\/\/www.cbioquimicod3.com.ar\/web\/?page_id=618"},"modified":"2025-11-04T23:30:31","modified_gmt":"2025-11-05T02:30:31","slug":"links-de-interes","status":"publish","type":"page","link":"https:\/\/www.cbioquimicod3.com.ar\/web\/links-de-interes\/","title":{"rendered":"Links de inter\u00e9s"},"content":{"rendered":"\n<p>Federaci\u00f3n Bioqu\u00edmica de la Provincia de Buenos Aires &#8211; <a href=\"http:\/\/www.faba.org.ar\/\" target=\"_blank\" rel=\"noreferrer noopener\">www.faba.org.ar<\/a><\/p>\n\n\n\n<p>Qualium Lab &#8211; <a href=\"https:\/\/qualiumlab.com.ar\/\">www.qualiumlab.com.ar\/<\/a><\/p>\n\n\n\n<p>EMSA S.A. &#8211; <a href=\"http:\/\/www.emsa.com.ar\/\" target=\"_blank\" rel=\"noreferrer noopener\">www.emsa.com.ar<\/a><\/p>\n\n\n\n<p>Fundaci\u00f3n Bioqu\u00edmica Argentina &#8211; <a href=\"http:\/\/www.fba.org.ar\/\" target=\"_blank\" rel=\"noreferrer noopener\">www.fba.org.ar<\/a><\/p>\n\n\n\n<p>Colegio de Bioqu\u00edmicos de la Provincia de Buenos Aires &#8211; <a href=\"http:\/\/www.colebioqpba.org.ar\/\" target=\"_blank\" rel=\"noreferrer noopener\">www.colebioqpba.org.ar<\/a><\/p>\n\n\n\n<p>Facultad de Farmacia y Bioqu\u00edmica de la UBA &#8211; <a href=\"http:\/\/www.ffyb.uba.ar\/\" target=\"_blank\" rel=\"noreferrer noopener\">www.ffyb.uba.ar<\/a><\/p>\n\n\n\n<p>International Federation of Clinical Chemistry &#8211; <a href=\"http:\/\/www.ifcc.org\/\" target=\"_blank\" rel=\"noreferrer noopener\">www.ifcc.or<\/a><\/p>\n\n\n\n<p>Colegio Profesional de Qu\u00edmica &#8211; <a href=\"http:\/\/www.quimica.org.ar\/\" target=\"_blank\" rel=\"noreferrer noopener\">www.quimica.org.ar<\/a><\/p>\n\n\n\n<p>MedLab QC (Programa de Control de Calidad) &#8211; <a href=\"https:\/\/www.cbioquimicod3.com.ar\/Docs\/MedLabQC%203%2024.zip\" target=\"_blank\" rel=\"noreferrer noopener\">Click aqu\u00ed para descargar<\/a><\/p>\n\n\n\n<p><\/p>\n","protected":false},"excerpt":{"rendered":"<p>Federaci\u00f3n Bioqu\u00edmica de la Provincia de Buenos Aires &#8211; www.faba.org.ar Qualium Lab &#8211; www.qualiumlab.com.ar\/ EMSA S.A. &#8211; www.emsa.com.ar Fundaci\u00f3n Bioqu\u00edmica Argentina &#8211; www.fba.org.ar Colegio de Bioqu\u00edmicos de la Provincia de Buenos Aires &#8211; www.colebioqpba.org.ar Facultad de Farmacia y Bioqu\u00edmica de la UBA &#8211; www.ffyb.uba.ar International Federation of Clinical Chemistry &#8211; www.ifcc.or Colegio Profesional de Qu\u00edmica [&hellip;]<\/p>\n","protected":false},"author":1,"featured_media":0,"parent":0,"menu_order":0,"comment_status":"closed","ping_status":"closed","template":"","meta":{"inline_featured_image":false,"_joinchat":[],"footnotes":""},"class_list":["post-618","page","type-page","status-publish","hentry"],"_links":{"self":[{"href":"https:\/\/www.cbioquimicod3.com.ar\/web\/wp-json\/wp\/v2\/pages\/618","targetHints":{"allow":["GET"]}}],"collection":[{"href":"https:\/\/www.cbioquimicod3.com.ar\/web\/wp-json\/wp\/v2\/pages"}],"about":[{"href":"https:\/\/www.cbioquimicod3.com.ar\/web\/wp-json\/wp\/v2\/types\/page"}],"author":[{"embeddable":true,"href":"https:\/\/www.cbioquimicod3.com.ar\/web\/wp-json\/wp\/v2\/users\/1"}],"replies":[{"embeddable":true,"href":"https:\/\/www.cbioquimicod3.com.ar\/web\/wp-json\/wp\/v2\/comments?post=618"}],"version-history":[{"count":6,"href":"https:\/\/www.cbioquimicod3.com.ar\/web\/wp-json\/wp\/v2\/pages\/618\/revisions"}],"predecessor-version":[{"id":1118,"href":"https:\/\/www.cbioquimicod3.com.ar\/web\/wp-json\/wp\/v2\/pages\/618\/revisions\/1118"}],"wp:attachment":[{"href":"https:\/\/www.cbioquimicod3.com.ar\/web\/wp-json\/wp\/v2\/media?parent=618"}],"curies":[{"name":"wp","href":"https:\/\/api.w.org\/{rel}","templated":true}]}}